{"id":18,"date":"2023-12-13T14:00:00","date_gmt":"2023-12-13T12:00:00","guid":{"rendered":"http:\/\/www.anditausch.com\/?page_id=18"},"modified":"2025-01-14T10:31:12","modified_gmt":"2025-01-14T08:31:12","slug":"home","status":"publish","type":"page","link":"https:\/\/www.anditausch.com\/","title":{"rendered":""},"content":{"rendered":"<p><a href=\"https:\/\/www.anditausch.com\/wp-content\/uploads\/img_2.jpg\"><img decoding=\"async\" src=\"https:\/\/www.anditausch.com\/wp-content\/uploads\/img_2.jpg\" alt=\"\" width=\"500\" height=\"749,9\" \/><\/a><\/p>\n<p>Foto by Victoria Nazarova<\/p>\n<div class=\"page\" title=\"Page 1\">\n<div class=\"section\">\n<div class=\"layoutArea\">\n<div class=\"column\">\n<p>Andi Tausch studierte an der Hochschule fu\u0308r Musik in Basel, Abteilung Jazz beim o\u0308sterreichischen Gitarristen Wolfgang Muthspiel. Anschlie\u00dfend verlagerte er seinen Lebensmittelpunkt nach Wien, wo er seither wirkt und werkt. Den Studienabschluss Master of Arts erlangte er an der Konservatorium Wien Privatuniversita\u0308t, heute MUK.<\/p>\n<p>Tausch\u2019s Sidemanaktivita\u0308ten erweisen sich als a\u0308u\u00dferst vielfa\u0308ltig und erlauben ihm die Zusammenarbeit mit Musikern\/Ensembles wie: <a href=\"https:\/\/sketchbookquartet.com\">Sketchbook Quartet<\/a>, Sketchbook Orchestra, <a href=\"https:\/\/www.kuhlewampe.com\">Ensemble Kuhle Wampe<\/a>, Johannes Enders, Jean-Paul Brodbeck Group, Manu Delago, Georg Breinschmid, Joseph Bowie, Adrian Mears, Martin Reiter, Matthieu Michel, Fabian Rucker 5, Philipp Nykrin, Christoph \u201ePepe\u201c Auer, Ralph Mothwurf Orchestra, Maria Bill, Jahson the Scientist, Scattah Brain, SK Invitational, Texta, Blumentopf, European Jazz Orchestra, Neue Oper Wien, Paul Gulda, etc.<\/p>\n<p>Seit 2018 ist Tausch ein Teil der Band <a href=\"https:\/\/sketchbookquartet.com\">Sketchbook Quartet<\/a>:<br \/>\u201eEklektischer, postmoderner Kammerjazz mit rockigen Avancen\u201c (Andreas Felber, \u00d61). Das Sketchbook Quartet ist eine &#8220;Post-Jazz&#8221; Band aus Wien, die einen stilistischen Bogen vom modernen Jazz bis zum Postrock spannt. Das unorthodox instrumentiere Ensemble &#8211; auf ein klassisches Bassinstrument verzichtet die experimentierfreudige Band ganz &#8211; besteht aus vier Musikern, welche die gemeinsame Suche nach modernen Soundlandschaften verbindet, in welchen improvisatorische Momente respektive energetische Interaktionen der einzelnen Musiker an vorderster Front stehen. Die Band ist in den letzten Jahren auch vermehrt international aktiv und spielte auf diversen renommierten Jazzfestivals in Europa und Asien.<\/p>\n<p>Eines seiner Hauptprojekte stellte ohne Zweifel The Flow dar. Gemeinsam mit dem viel beachteten Pianisten Martin Reiter gegru\u0308ndet, kreiert das Quartett mit Jojo Lacker (Bass) und Peter Kronreif (Schlagzeug) eine dichte und intensive Klangwelt im Spannungsfeld zwischen Jazz, Rock, Groove und Pop. The Flow brachte seither fu\u0308nf Tontra\u0308ger heraus: \u201eThe Flow\u201c (2009), \u201eOrigination\u201c (2010), \u201eDeparture\u201c (2013), \u201eSongs Without Words\u201c (2014) und \u201eEsteem\u201c (2020). Bei \u201eDeparture\u201c wird die Formation von den beiden international akklamierten Musikern Matthieu Michel (Trompete) und Johannes Enders (Saxophon) unterstu\u0308tzt, die das Quartett auch live begleiten.<\/p>\n<p>Seit 2020 ist er au\u00dferdem Teil des Gitarrentrios &#8220;<a href=\"https:\/\/soundcloud.com\/julieisland-guitartrio\">Julie Island<\/a>&#8221; mit Mahan Mirarab und Martin Bayer.<\/p>\n<p>Im Herbst 2013 vero\u0308ffentlichte Andi Tausch schlie\u00dflich sein Debu\u0308t-Album \u201eAt Home\u201c bei Wolfgang Muthspiel\u2019s Label Material Records, das ga\u0308nzlich aus seiner Feder stammt. Das international besetzte Quartett mit Aaron Parks (Klavier), Matthias Pichler (Bass) und Tommy Crane (Schlagzeug) zeigt Andi Tausch als emanzipierten Musiker, Komponisten und Arrangeur der sein Handwerk versteht und eine eigene authentische Klangsprache entwickelt hat.<\/p>\n<p>Beispiele erfolgter internationaler Auftritte:<\/p>\n<p>Vortex and The Forge (London), Austrian Cultural Forum (NYC), Jazz ma avenida Salvador (Brasilien), versch. Jazzclubs Tokyo, C\u00edrculo de Bellas Artes (Madrid), Philly Joe\u2019s Jazzclub (Tallinn), Green Hours (Bukarest), A-Trane und B-Flat (Berlin), Unterfahrt (M\u00fcnchen), Porgy&amp;Bess (Wien), Bird\u2019s Eye (Basel), Moods (Z\u00fcrich), Opus Jazzclub (Budapest); Festivals u.a. Eurojazz Festival Mexico City, Saalfelden Jazzfestival, Jazzkaar Festival (Tallin), Jazz in Ruins (Polen), Aglan Jazz Festival (Zypern), Ninegates Jazzfestival (Peking), International Jazzfestival in St. Louis (Senegal), Jarasum Festival (S\u00fcdkorea), Varna Jazzfestival (Bulgarien), 12points Festival Amsterdam, Saulkrasti Jazzfestival (Lettland), Leibnitz Jazzfestival,<br \/>Leopolis Jazzfestival (Ukraine), S\u00fcdtirol Jazzfestival (Italien), Juu J\u00e4\u00e4b Festival (Estland), Bozcaada Jazzfestival (T\u00fcrkei)<\/p>\n<p>Seit Herbst 2021 unterrichtet er an der Jazzabteilung des Tiroler Landeskonservatoriums in Zusammenarbeit mit dem Mozarteum.<\/p>\n<\/div>\n<\/div>\n<\/div>\n<\/div>\n\n\n<p><\/p>\n","protected":false},"excerpt":{"rendered":"<p>Foto by Victoria Nazarova Andi Tausch studierte an der Hochschule fu\u0308r Musik in Basel, Abteilung Jazz beim o\u0308sterreichischen Gitarristen Wolfgang Muthspiel. Anschlie\u00dfend verlagerte er seinen Lebensmittelpunkt nach Wien, wo er seither wirkt und werkt. Den Studienabschluss Master of Arts erlangte er an der Konservatorium Wien Privatuniversita\u0308t, heute MUK. Tausch\u2019s Sidemanaktivita\u0308ten erweisen sich als a\u0308u\u00dferst vielfa\u0308ltig [&hellip;]<\/p>\n","protected":false},"author":1,"featured_media":0,"parent":0,"menu_order":0,"comment_status":"open","ping_status":"closed","template":"","meta":{"_monsterinsights_skip_tracking":false,"_monsterinsights_sitenote_active":false,"_monsterinsights_sitenote_note":"","_monsterinsights_sitenote_category":0,"footnotes":""},"class_list":["post-18","page","type-page","status-publish","hentry"],"_links":{"self":[{"href":"https:\/\/www.anditausch.com\/index.php?rest_route=\/wp\/v2\/pages\/18","targetHints":{"allow":["GET"]}}],"collection":[{"href":"https:\/\/www.anditausch.com\/index.php?rest_route=\/wp\/v2\/pages"}],"about":[{"href":"https:\/\/www.anditausch.com\/index.php?rest_route=\/wp\/v2\/types\/page"}],"author":[{"embeddable":true,"href":"https:\/\/www.anditausch.com\/index.php?rest_route=\/wp\/v2\/users\/1"}],"replies":[{"embeddable":true,"href":"https:\/\/www.anditausch.com\/index.php?rest_route=%2Fwp%2Fv2%2Fcomments&post=18"}],"version-history":[{"count":57,"href":"https:\/\/www.anditausch.com\/index.php?rest_route=\/wp\/v2\/pages\/18\/revisions"}],"predecessor-version":[{"id":404,"href":"https:\/\/www.anditausch.com\/index.php?rest_route=\/wp\/v2\/pages\/18\/revisions\/404"}],"wp:attachment":[{"href":"https:\/\/www.anditausch.com\/index.php?rest_route=%2Fwp%2Fv2%2Fmedia&parent=18"}],"curies":[{"name":"wp","href":"https:\/\/api.w.org\/{rel}","templated":true}]}}